{"id":1617,"date":"2026-04-20T08:44:07","date_gmt":"2026-04-20T08:44:07","guid":{"rendered":"https:\/\/tomet.com\/sostenibilita\/"},"modified":"2026-04-20T08:47:34","modified_gmt":"2026-04-20T08:47:34","slug":"sostenibilita","status":"publish","type":"page","link":"https:\/\/www.tomet.com\/de\/sostenibilita\/","title":{"rendered":"Nachhaltigkeit"},"content":{"rendered":"\n<div class=\"wp-block-greenshift-blocks-row alignfull gspb_row gspb_row-id-gsbp-62bdcfc3-7697\" id=\"gspb_row-id-gsbp-62bdcfc3-7697\"><div class=\"gspb_backgroundOverlay\"><\/div><div class=\"gspb_row__content\"> \n<div class=\"wp-block-greenshift-blocks-row-column gspb_row__col--12 gspb_col-id-gsbp-f75a7ac2-edf1\" id=\"gspb_col-id-gsbp-f75a7ac2-edf1\">\n<h1 id=\"gspb_heading-id-gsbp-bf94dc64-75bd\" class=\"gspb_heading gspb_heading-id-gsbp-bf94dc64-75bd \">Nachhaltigkeit<\/h1>\n<\/div>\n <\/div><\/div>\n\n\n\n<div class=\"wp-block-greenshift-blocks-row gspb_row gspb_row-id-gsbp-5f98f8a6-d691 gspb_row--gutter-custom-0\" id=\"gspb_row-id-gsbp-5f98f8a6-d691\"><div class=\"gspb_row__content\"> \n<div class=\"wp-block-greenshift-blocks-row-column gspb_row__col--6 gspb_row__col--md-12 gspb_col-id-gsbp-5c070549-8594\" id=\"gspb_col-id-gsbp-5c070549-8594\">\n<h5 id=\"gspb_heading-id-gsbp-0d6e390f-b913\" class=\"gspb_heading gspb_heading-id-gsbp-0d6e390f-b913 \"><strong><strong>ENGAGEMENT F\u00dcR DIE ZUKUNFT<\/strong>: Nachhaltige Initiativen im Einklang mit den modernsten Standards zum Schutz der Umwelt voranzutreiben.<\/strong><\/h5>\n\n\n\n<div id=\"gspb_text-id-gsbp-c87d14de-f048\" class=\"gspb_text gspb_text-id-gsbp-c87d14de-f048 \">Mit der Zeit zu gehen, bedeutet f\u00fcr uns bei Tomet Mechanics nicht nur, kontinuierlich in Technologien und Maschinen der neuesten Generation zu investieren, sondern auch nachhaltige Initiativen im Einklang mit den modernsten Standards zum Schutz der Umwelt voranzutreiben.<br><br>Genau aus diesem Grund hat das Unternehmen gem\u00e4\u00df Richtlinien der Agenda 2030 f\u00fcr nachhaltige Entwicklung bereits im Jahr 2022 eine Absauganlage angeschafft, die den Gro\u00dfteil der Produktionsabteilungen abdeckt und so ein ges\u00fcnderes Arbeitsumfeld f\u00fcr alle Mitarbeiter gew\u00e4hrleistet.<br><br>Zudem zeugt die <strong>Umweltzertifizierung ISO 14001:2015<\/strong> von unserem stetigen Engagement, die Umweltleistungen durch einen systematischen und nachhaltigen Ansatz zu verbessern.<br><br>Aus dieser Perspektive wird die Zukunft von Tomet Mechanics bald f\u00fcr weitere Implementierungen offen sein.<\/div>\n\n\n\n<div class=\"wp-block-file\"><a id=\"wp-block-file--media-d8f69c7e-1d42-4bab-881a-25886a59175d\" href=\"https:\/\/www.tomet.com\/wp-content\/uploads\/2024\/12\/TOMET-ISO-14001-2-scaled.jpg\"><img loading=\"lazy\" decoding=\"async\" width=\"120\" height=\"120\" class=\"wp-image-2451\" style=\"width: 120px;\" src=\"https:\/\/www.tomet.com\/wp-content\/uploads\/2024\/12\/pngegg.png\" alt=\"\" srcset=\"https:\/\/www.tomet.com\/wp-content\/uploads\/2024\/12\/pngegg.png 709w, https:\/\/www.tomet.com\/wp-content\/uploads\/2024\/12\/pngegg-300x300.png 300w, https:\/\/www.tomet.com\/wp-content\/uploads\/2024\/12\/pngegg-150x150.png 150w\" sizes=\"auto, (max-width: 120px) 100vw, 120px\" \/><img loading=\"lazy\" decoding=\"async\" width=\"110\" height=\"110\" class=\"wp-image-3027\" style=\"width: 110px;\" src=\"https:\/\/www.tomet.com\/wp-content\/uploads\/2026\/04\/TOMET-MECHANICS-SRL_EV_Recognition.png\" alt=\"\" srcset=\"https:\/\/www.tomet.com\/wp-content\/uploads\/2026\/04\/TOMET-MECHANICS-SRL_EV_Recognition.png 1667w, https:\/\/www.tomet.com\/wp-content\/uploads\/2026\/04\/TOMET-MECHANICS-SRL_EV_Recognition-300x300.png 300w, https:\/\/www.tomet.com\/wp-content\/uploads\/2026\/04\/TOMET-MECHANICS-SRL_EV_Recognition-1024x1024.png 1024w, https:\/\/www.tomet.com\/wp-content\/uploads\/2026\/04\/TOMET-MECHANICS-SRL_EV_Recognition-150x150.png 150w, https:\/\/www.tomet.com\/wp-content\/uploads\/2026\/04\/TOMET-MECHANICS-SRL_EV_Recognition-768x768.png 768w, https:\/\/www.tomet.com\/wp-content\/uploads\/2026\/04\/TOMET-MECHANICS-SRL_EV_Recognition-1536x1536.png 1536w\" sizes=\"auto, (max-width: 110px) 100vw, 110px\" \/><br>ISO 14001:2015-Zertifizierung<\/a><a href=\"https:\/\/www.tomet.com\/wp-content\/uploads\/2024\/12\/TOMET-ISO-14001-2-scaled.jpg\" class=\"wp-block-file__button wp-element-button\" download aria-describedby=\"wp-block-file--media-d8f69c7e-1d42-4bab-881a-25886a59175d\">Download<\/a><\/div>\n<\/div>\n\n\n\n<div class=\"wp-block-greenshift-blocks-row-column gspb_row__col--6 gspb_row__col--md-12 gspb_col-id-gsbp-4dfe7309-7257\" id=\"gspb_col-id-gsbp-4dfe7309-7257\">\n<div class=\"wp-block-greenshift-blocks-image gspb_image gspb_image-id-gsbp-9ff1b324-3372\" id=\"gspb_image-id-gsbp-9ff1b324-3372\"><img decoding=\"async\" src=\"https:\/\/tomet.com\/wp-content\/uploads\/2024\/02\/entrata-tomet-e1707905456201.webp\" data-src=\"\" alt=\"entrata tomet\" loading=\"lazy\" width=\"606\" height=\"529\"\/><\/div>\n<\/div>\n <\/div><\/div>\n\n\n\n<h5 id=\"gspb_heading-id-gsbp-76f5ecfd-d57e\" class=\"gspb_heading gspb_heading-id-gsbp-76f5ecfd-d57e \">Wir haben bereits eine Liste erstellt, die eine Erneuerung der Photovoltaikpaneele, die Installation von Lampen mit geringem Verbrauch und einen weiteren Ausbau des Absaugsystems. <br>Zus\u00e4tzlich ist unser Unternehmen seit 2024 nach ISO 14001:2015 zertifiziert.<\/h5>\n\n\n\n<div class=\"wp-block-greenshift-blocks-row gspb_row gspb_row-id-gsbp-6cf0286 gspb_row--gutter-custom-0\" id=\"gspb_row-id-gsbp-6cf0286\"><div class=\"gspb_row__content\"> \n<div class=\"wp-block-greenshift-blocks-row-column gspb_row__col--6 gspb_row__col--md-12 gspb_col-id-gsbp-587adb1\" id=\"gspb_col-id-gsbp-587adb1\">\n<div class=\"wp-block-greenshift-blocks-image gspb_image gspb_image-id-gsbp-fc07fd7\" id=\"gspb_image-id-gsbp-fc07fd7\"><img decoding=\"async\" src=\"https:\/\/tomet.com\/wp-content\/uploads\/2024\/03\/formazione-continua-tomet-e1710152388500.webp\" data-src=\"\" alt=\"formazione continua tomet\" loading=\"lazy\" width=\"698\" height=\"600\"\/><\/div>\n<\/div>\n\n\n\n<div class=\"wp-block-greenshift-blocks-row-column gspb_row__col--6 gspb_row__col--md-12 gspb_col-id-gsbp-7a13a03\" id=\"gspb_col-id-gsbp-7a13a03\">\n<h5 id=\"gspb_heading-id-gsbp-c148bd3\" class=\"gspb_heading gspb_heading-id-gsbp-c148bd3 \">KONTINUIERLICHE AUSBILDUNG<\/h5>\n\n\n\n<div id=\"gspb_text-id-gsbp-8a1c70f\" class=\"gspb_text gspb_text-id-gsbp-8a1c70f \">Wir glauben fest an einen kontinuierlichen Schulungsprozess, ein Faktor, der heutzutage f\u00fcr jeden Fachmann unerl\u00e4sslich ist. <br><br>Tats\u00e4chlich haben wir allein im Jahr 2022 insgesamt 680 Stunden Schulungen mit den Schwerpunkten Sicherheit, Innovation, Qualit\u00e4t und Nachhaltigkeit garantiert.<br><br>Dar\u00fcber hinaus unterst\u00fctzen wir junge Sch\u00fcler lokaler Schulen beim Einstieg in die Arbeitswelt, indem wir Praktikanten mit gr\u00f6\u00dftm\u00f6glicher Verf\u00fcgbarkeit willkommen hei\u00dfen und sie an unsere Experten auf diesem Gebiet vermitteln.<br><\/div>\n<\/div>\n <\/div><\/div>\n","protected":false},"excerpt":{"rendered":"","protected":false},"author":1,"featured_media":0,"parent":0,"menu_order":0,"comment_status":"closed","ping_status":"closed","template":"","meta":{"_gspb_post_css":"#gspb_row-id-gsbp-62bdcfc3-7697{justify-content:space-between;margin-top:0;display:flex;flex-wrap:wrap;margin-bottom:0;padding-top:250px;padding-bottom:180px}#gspb_row-id-gsbp-62bdcfc3-7697>.gspb_row__content{display:flex;justify-content:space-between;margin:0 auto;width:100%;flex-wrap:wrap}div[id^=gspb_col-id]{box-sizing:border-box;position:relative;padding:var(--gs-row-column-padding, 15px min(3vw, 20px))}body.gspb-bodyfront #gspb_row-id-gsbp-62bdcfc3-7697>.gspb_row__content{width:var(--theme-container-width, 1200px);max-width:var(--theme-normal-container-max-width, 1200px)}@media (max-width:991.98px){#gspb_row-id-gsbp-62bdcfc3-7697{margin-bottom:18px;padding-top:150px;padding-bottom:100px}}#gspb_row-id-gsbp-62bdcfc3-7697{background-size:cover;background-repeat:no-repeat;background-position:55% 100%;background-image:url(https:\/\/tomet.com\/wp-content\/uploads\/2024\/03\/tomeet-sostenibile-e1710151159392.webp);isolation:isolate}#gspb_row-id-gsbp-62bdcfc3-7697:hover{background-size:cover}#gspb_row-id-gsbp-62bdcfc3-7697>.gspb_backgroundOverlay{position:absolute;top:0;left:0;width:100%;height:100%;z-index:-1;opacity:.3;background-color:#000}#gspb_col-id-gsbp-f75a7ac2-edf1.gspb_row__col--12{width:100%}@media (max-width:575.98px){#gspb_col-id-gsbp-f75a7ac2-edf1.gspb_row__col--12{width:100%}}.gspb_row #gspb_col-id-gsbp-f75a7ac2-edf1.gspb_row__col--12{padding:0}#gspb_heading-id-gsbp-bf94dc64-75bd,#gspb_heading-id-gsbp-bf94dc64-75bd .gsap-g-line{text-align:center!important}#gspb_heading-id-gsbp-bf94dc64-75bd{color:#fff;margin-top:0;margin-bottom:0}@media (max-width:575.98px){#gspb_heading-id-gsbp-bf94dc64-75bd{margin-top:0}}#gspb_row-id-gsbp-5f98f8a6-d691{justify-content:space-between;display:flex;flex-wrap:wrap;margin-top:-80px;margin-bottom:0}#gspb_row-id-gsbp-5f98f8a6-d691>.gspb_row__content{display:flex;justify-content:space-between;margin:0 auto;width:100%;flex-wrap:wrap;row-gap:50px}@media (max-width:991.98px){#gspb_row-id-gsbp-5f98f8a6-d691{margin-top:0;margin-bottom:0}}@media (max-width:575.98px){#gspb_row-id-gsbp-5f98f8a6-d691{margin-bottom:0}}#gspb_col-id-gsbp-5c070549-8594.gspb_row__col--6{width:calc(50% - 30px)}@media (max-width:991.98px){#gspb_col-id-gsbp-5c070549-8594.gspb_row__col--6{width:100%}}@media (max-width:767.98px){#gspb_col-id-gsbp-5c070549-8594.gspb_row__col--6{width:calc(100% - 0px)}}@media (max-width:575.98px){#gspb_col-id-gsbp-5c070549-8594.gspb_row__col--6{width:100%}}.gspb_row #gspb_col-id-gsbp-5c070549-8594.gspb_row__col--6{padding:160px 0 0}@media (max-width:991.98px){.gspb_row #gspb_col-id-gsbp-5c070549-8594.gspb_row__col--6{padding-top:0}}@media (max-width:575.98px){#gspb_heading-id-gsbp-0d6e390f-b913,#gspb_heading-id-gsbp-0d6e390f-b913 .gsap-g-line{text-align:center!important}}#gspb_heading-id-gsbp-0d6e390f-b913{color:var(--wp--preset--color--palette-color-2, var(--theme-palette-color-2, #ea2929));margin-top:0;margin-bottom:10px}@media (max-width:575.98px){.gspb_text-id-gsbp-c87d14de-f048,.gspb_text-id-gsbp-c87d14de-f048 .gsap-g-line{text-align:center!important}}.gspb_text-id-gsbp-c87d14de-f048{color:var(--wp--preset--color--palette-color-4, var(--theme-palette-color-4, #ffffff));margin-top:0!important;margin-bottom:0!important}#gspb_col-id-gsbp-4dfe7309-7257.gspb_row__col--6{width:calc(50% - 30px)}@media (max-width:991.98px){#gspb_col-id-gsbp-4dfe7309-7257.gspb_row__col--6{width:100%}}@media (max-width:767.98px){#gspb_col-id-gsbp-4dfe7309-7257.gspb_row__col--6{width:calc(100% - 0px)}}@media (max-width:575.98px){#gspb_col-id-gsbp-4dfe7309-7257.gspb_row__col--6{width:100%}}.gspb_row #gspb_col-id-gsbp-4dfe7309-7257.gspb_row__col--6,.gspb_row #gspb_col-id-gsbp-587adb1.gspb_row__col--6{padding:0}@media (max-width:575.98px){#gspb_image-id-gsbp-9ff1b324-3372{text-align:center}}#gspb_image-id-gsbp-9ff1b324-3372 img{object-fit:cover}@media (max-width:991.98px){#gspb_image-id-gsbp-9ff1b324-3372 img{object-fit:cover;object-position:50% 35%}}#gspb_image-id-gsbp-9ff1b324-3372 img{vertical-align:top;display:inline-block;box-sizing:border-box;max-width:100%;width:custom}#gspb_image-id-gsbp-9ff1b324-3372{margin-bottom:25px}@media (max-width:575.98px){#gspb_image-id-gsbp-9ff1b324-3372{margin-bottom:0}}body.gspb-bodyfront #gspb_image-id-gsbp-9ff1b324-3372{position:absolute;top:180px;left:2.7642276422764227%}@media (max-width:575.98px){body.gspb-bodyfront #gspb_image-id-gsbp-9ff1b324-3372{position:absolute;top:388px;left:-10.231023102310232%}}@media (max-width:991.98px){#gspb_image-id-gsbp-9ff1b324-3372 img{width:100%}}@media (max-width:575.98px){#gspb_image-id-gsbp-9ff1b324-3372 img{width:custom}}#gspb_image-id-gsbp-9ff1b324-3372 img{aspect-ratio:1\/1}@media (max-width:991.98px){#gspb_image-id-gsbp-9ff1b324-3372 img{aspect-ratio:1\/1}}@media (max-width:767.98px){#gspb_image-id-gsbp-9ff1b324-3372 img{aspect-ratio:1\/1}}@media (max-width:575.98px){#gspb_image-id-gsbp-9ff1b324-3372 img{aspect-ratio:1\/1}}#gspb_image-id-gsbp-9ff1b324-3372,#gspb_image-id-gsbp-9ff1b324-3372 img{height:custom}@media (max-width:991.98px){#gspb_image-id-gsbp-9ff1b324-3372,#gspb_image-id-gsbp-9ff1b324-3372 img{height:400px}}@media (max-width:575.98px){#gspb_image-id-gsbp-9ff1b324-3372,#gspb_image-id-gsbp-9ff1b324-3372 img{height:custom}}#gspb_heading-id-gsbp-76f5ecfd-d57e,#gspb_heading-id-gsbp-76f5ecfd-d57e .gsap-g-line{text-align:center!important}#gspb_heading-id-gsbp-76f5ecfd-d57e{margin:22px auto}@media (max-width:991.98px){#gspb_heading-id-gsbp-76f5ecfd-d57e{margin-top:0;margin-bottom:88px}}@media (max-width:575.98px){#gspb_heading-id-gsbp-76f5ecfd-d57e{margin-top:0;margin-bottom:488px}}#gspb_heading-id-gsbp-76f5ecfd-d57e{max-width:1000px}#gspb_row-id-gsbp-6cf0286{justify-content:space-between;margin-top:0;display:flex;flex-wrap:wrap;margin-bottom:60px}#gspb_row-id-gsbp-6cf0286>.gspb_row__content{display:flex;justify-content:space-between;margin:0 auto;width:100%;flex-wrap:wrap;row-gap:50px}.gspb_row{position:relative}body.gspb-bodyfront #gspb_row-id-gsbp-5f98f8a6-d691>.gspb_row__content,body.gspb-bodyfront #gspb_row-id-gsbp-6cf0286>.gspb_row__content{width:var(--theme-container-width, 1200px);max-width:var(--theme-normal-container-max-width, 1200px)}@media (max-width:991.98px){#gspb_row-id-gsbp-6cf0286{margin-top:380px;margin-bottom:80px}}@media (max-width:575.98px){#gspb_row-id-gsbp-6cf0286{margin-top:0}}#gspb_col-id-gsbp-587adb1.gspb_row__col--6{width:calc(50% - 30px)}@media (max-width:991.98px){#gspb_col-id-gsbp-587adb1.gspb_row__col--6{width:100%}}@media (max-width:767.98px){#gspb_col-id-gsbp-587adb1.gspb_row__col--6{width:calc(100% - 0px)}}@media (max-width:575.98px){#gspb_col-id-gsbp-587adb1.gspb_row__col--6{width:100%}}@media (max-width:991.98px){#gspb_image-id-gsbp-fc07fd7 img{object-fit:cover;object-position:50% 35%}}#gspb_image-id-gsbp-fc07fd7 img{vertical-align:top;display:inline-block;box-sizing:border-box;max-width:100%;height:auto}@media (max-width:575.98px){body.gspb-bodyfront #gspb_image-id-gsbp-fc07fd7{position:absolute;top:562px;left:-1.3201320132013201%}}@media (max-width:991.98px){#gspb_image-id-gsbp-fc07fd7 img{width:100%;height:400px}#gspb_image-id-gsbp-fc07fd7{height:400px}}#gspb_col-id-gsbp-7a13a03.gspb_row__col--6{width:calc(50% - 30px)}@media (max-width:991.98px){#gspb_col-id-gsbp-7a13a03.gspb_row__col--6{width:100%}}@media (max-width:767.98px){#gspb_col-id-gsbp-7a13a03.gspb_row__col--6{width:calc(100% - 0px)}}@media (max-width:575.98px){#gspb_col-id-gsbp-7a13a03.gspb_row__col--6{width:100%}}.gspb_row #gspb_col-id-gsbp-7a13a03.gspb_row__col--6{padding:100px 0 0}@media (max-width:991.98px){.gspb_row #gspb_col-id-gsbp-7a13a03.gspb_row__col--6{padding-top:0}}@media (max-width:575.98px){#gspb_heading-id-gsbp-c148bd3,#gspb_heading-id-gsbp-c148bd3 .gsap-g-line{text-align:center!important}}#gspb_heading-id-gsbp-c148bd3{color:var(--wp--preset--color--palette-color-2, var(--theme-palette-color-2, #ea2929));margin-top:0;margin-bottom:10px}@media (max-width:991.98px){#gspb_heading-id-gsbp-c148bd3{margin-top:0}}@media (max-width:575.98px){#gspb_heading-id-gsbp-c148bd3{margin-top:0}.gspb_text-id-gsbp-8a1c70f,.gspb_text-id-gsbp-8a1c70f .gsap-g-line{text-align:center!important}}.gspb_text-id-gsbp-8a1c70f{color:var(--wp--preset--color--palette-color-4, var(--theme-palette-color-4, #ffffff));margin-top:0!important;margin-bottom:0!important}","footnotes":""},"class_list":["post-1617","page","type-page","status-publish","hentry"],"blocksy_meta":[],"featured_image_src":"","featured_image_src_square":false,"rbea_author_info":{"display_name":"admin","author_link":"https:\/\/www.tomet.com\/de\/author\/admin\/"},"rbea_excerpt_info":null,"_links":{"self":[{"href":"https:\/\/www.tomet.com\/de\/wp-json\/wp\/v2\/pages\/1617","targetHints":{"allow":["GET"]}}],"collection":[{"href":"https:\/\/www.tomet.com\/de\/wp-json\/wp\/v2\/pages"}],"about":[{"href":"https:\/\/www.tomet.com\/de\/wp-json\/wp\/v2\/types\/page"}],"author":[{"embeddable":true,"href":"https:\/\/www.tomet.com\/de\/wp-json\/wp\/v2\/users\/1"}],"replies":[{"embeddable":true,"href":"https:\/\/www.tomet.com\/de\/wp-json\/wp\/v2\/comments?post=1617"}],"version-history":[{"count":6,"href":"https:\/\/www.tomet.com\/de\/wp-json\/wp\/v2\/pages\/1617\/revisions"}],"predecessor-version":[{"id":3032,"href":"https:\/\/www.tomet.com\/de\/wp-json\/wp\/v2\/pages\/1617\/revisions\/3032"}],"wp:attachment":[{"href":"https:\/\/www.tomet.com\/de\/wp-json\/wp\/v2\/media?parent=1617"}],"curies":[{"name":"wp","href":"https:\/\/api.w.org\/{rel}","templated":true}]}}